{"id":319,"date":"2018-12-25T18:10:32","date_gmt":"2018-12-25T17:10:32","guid":{"rendered":"https:\/\/bionutphy.com\/?page_id=319"},"modified":"2022-12-19T15:34:49","modified_gmt":"2022-12-19T14:34:49","slug":"presentation","status":"publish","type":"page","link":"https:\/\/bionutphy.com\/index.php\/presentation\/","title":{"rendered":"Pr\u00e9sentation"},"content":{"rendered":"<div class=\"wp-block-image\">\n<figure class=\"alignleft is-resized\"><img fetchpriority=\"high\" decoding=\"async\" src=\"https:\/\/bionutphy.com\/wp-content\/uploads\/2018\/12\/biophyto2017-1-1024x576.jpg\" alt=\"\" class=\"wp-image-326\" width=\"496\" height=\"279\"\/><\/figure>\n<\/div>\n\n\n<p><\/p>\n\n\n\n<p>\ud83d\udca0 <strong>D\u00e9couvrir ensemble les bienfaits d&rsquo;All\u0101h dans le corps humain, les fruits, l\u00e9gumes et plantes.<\/strong><\/p>\n\n\n\n<p>\u2022 Le concept Bio &amp; Phyto \ud83c\udf3f est bas\u00e9 sur le travail d&rsquo;une petite \u00e9quipe dont les principaux membres sont :<\/p>\n\n\n\n<p><\/p>\n\n\n\n<p><\/p>\n\n\n\n<p>\u300bM. Ab\u00fb Rahma (Luqman) # a \u00e9tudi\u00e9 l&rsquo;ensemble des domaines de la biologie \u00e0 l&rsquo;UPMC jusqu&rsquo;au niveau Master.<\/p>\n\n\n\n<p>\u300bN. Ab\u00fb Talha # a \u00e9tudi\u00e9 la nutrition jusqu&rsquo;au niveau Master avec sp\u00e9cialit\u00e9 en nutri-th\u00e9rapie (J.P-C) <\/p>\n\n\n\n<p>\u300bJ. Ab\u00fb &lsquo;AbdiLlah # Horticulteur, sp\u00e9cialis\u00e9 dans les plantes m\u00e9dicinales et l&rsquo;\u00e9cologie.<br> \u2796\u2796\u2796<br> \u2022 Notre croyance repose sur l&rsquo;Islam avec la compr\u00e9hension du Coran et de la Sounnah selon la m\u00e9thodologie des pieux pr\u00e9d\u00e9cesseurs.<\/p>\n\n\n\n<p>\u2022 Nous apprenons notre religion avec l&rsquo;aide d&rsquo;All\u0101h via des <br> savants dans le domaine, tels que : Cheikh Al Fawzan, Cheikh Raslan, Cheikh &lsquo;Abdrazzaq Al Badr. <\/p>\n\n\n\n<p>Qu&rsquo;Allah les pr\u00e9serve de tout mal.<br> \u0627\u0644\u062d\u0645\u062f \u0644\u0644\u0647 \u2022<br> \u2796\u2796\u2796\u2796\u2796<\/p>\n\n\n\n<p>\ud83d\uddd3 Depuis 2015<\/p>\n","protected":false},"excerpt":{"rendered":"<p>\ud83d\udca0 D\u00e9couvrir ensemble les bienfaits d&rsquo;All\u0101h dans le corps humain, les fruits, l\u00e9gumes et plantes. \u2022 Le concept Bio &amp; Phyto \ud83c\udf3f est bas\u00e9 sur le travail d&rsquo;une petite \u00e9quipe dont les principaux membres sont : \u300bM. Ab\u00fb Rahma (Luqman) # a \u00e9tudi\u00e9 l&rsquo;ensemble des domaines de la biologie \u00e0 l&rsquo;UPMC jusqu&rsquo;au niveau Master. \u300bN. [&hellip;]<\/p>\n","protected":false},"author":1,"featured_media":0,"parent":0,"menu_order":0,"comment_status":"closed","ping_status":"closed","template":"","meta":{"_monsterinsights_skip_tracking":false,"_monsterinsights_sitenote_active":false,"_monsterinsights_sitenote_note":"","_monsterinsights_sitenote_category":0,"footnotes":""},"class_list":["post-319","page","type-page","status-publish","hentry"],"_links":{"self":[{"href":"https:\/\/bionutphy.com\/index.php\/wp-json\/wp\/v2\/pages\/319","targetHints":{"allow":["GET"]}}],"collection":[{"href":"https:\/\/bionutphy.com\/index.php\/wp-json\/wp\/v2\/pages"}],"about":[{"href":"https:\/\/bionutphy.com\/index.php\/wp-json\/wp\/v2\/types\/page"}],"author":[{"embeddable":true,"href":"https:\/\/bionutphy.com\/index.php\/wp-json\/wp\/v2\/users\/1"}],"replies":[{"embeddable":true,"href":"https:\/\/bionutphy.com\/index.php\/wp-json\/wp\/v2\/comments?post=319"}],"version-history":[{"count":24,"href":"https:\/\/bionutphy.com\/index.php\/wp-json\/wp\/v2\/pages\/319\/revisions"}],"predecessor-version":[{"id":502,"href":"https:\/\/bionutphy.com\/index.php\/wp-json\/wp\/v2\/pages\/319\/revisions\/502"}],"wp:attachment":[{"href":"https:\/\/bionutphy.com\/index.php\/wp-json\/wp\/v2\/media?parent=319"}],"curies":[{"name":"wp","href":"https:\/\/api.w.org\/{rel}","templated":true}]}}